{"id":119,"date":"2023-10-09T18:10:57","date_gmt":"2023-10-09T18:10:57","guid":{"rendered":"https:\/\/polnechaty.pl\/?page_id=119"},"modified":"2024-05-15T20:58:51","modified_gmt":"2024-05-15T20:58:51","slug":"rezerwacje","status":"publish","type":"page","link":"https:\/\/polnechaty.pl\/index.php\/rezerwacje\/","title":{"rendered":"Rezerwacje"},"content":{"rendered":"\t\t<div data-elementor-type=\"wp-page\" data-elementor-id=\"119\" class=\"elementor elementor-119\">\n\t\t\t\t\t\t\t<div class=\"elementor-element elementor-element-235830ff e-flex e-con-boxed e-con e-parent\" data-id=\"235830ff\" data-element_type=\"container\" data-settings=\"{&quot;content_width&quot;:&quot;boxed&quot;}\" data-core-v316-plus=\"true\">\n\t\t\t\t\t<div class=\"e-con-inner\">\n\t\t\t\t<div class=\"elementor-element elementor-element-44335330 elementor-widget elementor-widget-text-editor\" data-id=\"44335330\" data-element_type=\"widget\" data-widget_type=\"text-editor.default\">\n\t\t\t\t<div class=\"elementor-widget-container\">\n\t\t\t<style>\/*! elementor - v3.16.0 - 09-10-2023 *\/\n.elementor-widget-text-editor.elementor-drop-cap-view-stacked .elementor-drop-cap{background-color:#69727d;color:#fff}.elementor-widget-text-editor.elementor-drop-cap-view-framed .elementor-drop-cap{color:#69727d;border:3px solid;background-color:transparent}.elementor-widget-text-editor:not(.elementor-drop-cap-view-default) .elementor-drop-cap{margin-top:8px}.elementor-widget-text-editor:not(.elementor-drop-cap-view-default) .elementor-drop-cap-letter{width:1em;height:1em}.elementor-widget-text-editor .elementor-drop-cap{float:left;text-align:center;line-height:1;font-size:50px}.elementor-widget-text-editor .elementor-drop-cap-letter{display:inline-block}<\/style>\t\t\t\t<p><!-- wp:paragraph --><\/p>\n<p><strong>Rezerwacji mo\u017cna dokona\u0107 poprzez kontakt telefoniczny\/mailowy lub portal <a href=\"https:\/\/r.alohacamp.com\/mjnzq\" target=\"_blank\" rel=\"noopener\" data-type=\"link\" data-id=\"https:\/\/r.alohacamp.com\/mjnzq\"><u>ALOHA<\/u><\/a> lub <a href=\"https:\/\/www.airbnb.pl\/rooms\/998392051305470727?guests=1&amp;adults=1&amp;s=67&amp;unique_share_id=4461e6ec-1a68-4743-9d83-b06a3cb9e8e7\" target=\"_blank\" rel=\"noopener\"><u>airbnb<\/u><\/a><\/strong><\/p>\n<p>\u00a0<\/p>\n<p>\u00a0<\/p>\n<p><!-- \/wp:paragraph --><\/p>\n<p><!-- wp:paragraph --><\/p>\n<p><strong>ALOHA: <\/strong>Ka\u017cdy <strong>nowy Go\u015b\u0107<\/strong>, kt\u00f3ry zarejestruje si\u0119 za pomoc\u0105 linku, otrzyma 100 PLN rabatu na pierwsz\u0105 rezerwacj\u0119. <a href=\"https:\/\/r.alohacamp.com\/mjnzq\" target=\"_blank\" rel=\"noreferrer noopener\"><u>https:\/\/r.alohacamp.com\/mjnzq<\/u><\/a><\/p>\n<p>\u00a0<\/p>\n<p>\u00a0<\/p>\n<p><!-- \/wp:paragraph --><\/p>\n<p><!-- wp:paragraph --><\/p>\n<p>tel. +48 694 725 376<\/p>\n<p><!-- \/wp:paragraph --><\/p>\n<p><!-- wp:paragraph --><\/p>\n<p>email: info@polnechaty.pl<\/p>\n<p>\u00a0<\/p>\n<p>\u00a0<\/p>\n<p><!-- \/wp:paragraph --><\/p>\n<p><!-- wp:paragraph --><\/p>\n<p><strong>34-443 Dursztyn ul. D\u0142uga 84k <\/strong><\/p>\n<p><!-- \/wp:paragraph --><\/p>\n<p><!-- wp:spacer {\"height\":\"36px\"} --><\/p>\n<figure class=\"wp-block-image size-full is-resized\"><\/figure>\n<p><!-- \/wp:image --><\/p>\t\t\t\t\t\t<\/div>\n\t\t\t\t<\/div>\n\t\t\t\t\t<\/div>\n\t\t\t\t<\/div>\n\t\t<div class=\"elementor-element elementor-element-82fd549 e-flex e-con-boxed e-con e-parent\" data-id=\"82fd549\" data-element_type=\"container\" data-settings=\"{&quot;content_width&quot;:&quot;boxed&quot;}\" data-core-v316-plus=\"true\">\n\t\t\t\t\t<div class=\"e-con-inner\">\n\t\t<div class=\"elementor-element elementor-element-1f50b24 e-con-full e-flex e-con e-child\" data-id=\"1f50b24\" data-element_type=\"container\" data-settings=\"{&quot;content_width&quot;:&quot;full&quot;}\">\n\t\t\t\t<div class=\"elementor-element elementor-element-2bdd071 elementor-widget elementor-widget-image\" data-id=\"2bdd071\" data-element_type=\"widget\" data-widget_type=\"image.default\">\n\t\t\t\t<div class=\"elementor-widget-container\">\n\t\t\t<style>\/*! elementor - v3.16.0 - 09-10-2023 *\/\n.elementor-widget-image{text-align:center}.elementor-widget-image a{display:inline-block}.elementor-widget-image a img[src$=\".svg\"]{width:48px}.elementor-widget-image img{vertical-align:middle;display:inline-block}<\/style>\t\t\t\t\t\t\t\t\t\t\t\t\t<a href=\"https:\/\/r.alohacamp.com\/mjnzq\" target=\"_blank\">\n\t\t\t\t\t\t\t<img decoding=\"async\" src=\"https:\/\/polnechaty.pl\/wp-content\/uploads\/2024\/05\/AlohaCamp_logo_color_dark.png\" title=\"AlohaCamp_logo_color_dark\" alt=\"AlohaCamp_logo_color_dark\" loading=\"lazy\" \/>\t\t\t\t\t\t\t\t<\/a>\n\t\t\t\t\t\t\t\t\t\t\t\t\t\t\t<\/div>\n\t\t\t\t<\/div>\n\t\t\t\t<\/div>\n\t\t<div class=\"elementor-element elementor-element-6a0b8de e-con-full e-flex e-con e-child\" data-id=\"6a0b8de\" data-element_type=\"container\" data-settings=\"{&quot;content_width&quot;:&quot;full&quot;}\">\n\t\t\t\t<div class=\"elementor-element elementor-element-d110b58 elementor-widget elementor-widget-image\" data-id=\"d110b58\" data-element_type=\"widget\" data-widget_type=\"image.default\">\n\t\t\t\t<div class=\"elementor-widget-container\">\n\t\t\t\t\t\t\t\t\t\t\t\t\t\t\t\t<a href=\"https:\/\/www.airbnb.pl\/rooms\/998392051305470727?guests=1&#038;adults=1&#038;s=67&#038;unique_share_id=4461e6ec-1a68-4743-9d83-b06a3cb9e8e7&#038;source_impression_id=p3_1715806684_Xgk07Q2w1nfEe6MU\" target=\"_blank\">\n\t\t\t\t\t\t\t<img decoding=\"async\" src=\"https:\/\/polnechaty.pl\/wp-content\/uploads\/2023\/10\/Airbnb_Logo_Belo.svg_-1.png\" title=\"Airbnb_Logo_Belo.svg_-1\" alt=\"Airbnb_Logo_Belo.svg_-1\" loading=\"lazy\" \/>\t\t\t\t\t\t\t\t<\/a>\n\t\t\t\t\t\t\t\t\t\t\t\t\t\t\t<\/div>\n\t\t\t\t<\/div>\n\t\t\t\t<\/div>\n\t\t\t\t\t<\/div>\n\t\t\t\t<\/div>\n\t\t\t\t\t\t\t<\/div>\n\t\t","protected":false},"excerpt":{"rendered":"<p>Rezerwacji mo\u017cna dokona\u0107 poprzez kontakt telefoniczny\/mailowy lub portal ALOHA lub airbnb \u00a0 \u00a0 ALOHA: Ka\u017cdy nowy Go\u015b\u0107, kt\u00f3ry zarejestruje si\u0119 za pomoc\u0105 linku, otrzyma 100 PLN rabatu na pierwsz\u0105 rezerwacj\u0119. https:\/\/r.alohacamp.com\/mjnzq \u00a0 \u00a0 tel. +48 694 725 376 email: info@polnechaty.pl \u00a0 \u00a0 34-443 Dursztyn ul. D\u0142uga 84k<\/p>\n","protected":false},"author":1,"featured_media":0,"parent":0,"menu_order":0,"comment_status":"closed","ping_status":"closed","template":"","meta":{"footnotes":""},"_links":{"self":[{"href":"https:\/\/polnechaty.pl\/index.php\/wp-json\/wp\/v2\/pages\/119"}],"collection":[{"href":"https:\/\/polnechaty.pl\/index.php\/wp-json\/wp\/v2\/pages"}],"about":[{"href":"https:\/\/polnechaty.pl\/index.php\/wp-json\/wp\/v2\/types\/page"}],"author":[{"embeddable":true,"href":"https:\/\/polnechaty.pl\/index.php\/wp-json\/wp\/v2\/users\/1"}],"replies":[{"embeddable":true,"href":"https:\/\/polnechaty.pl\/index.php\/wp-json\/wp\/v2\/comments?post=119"}],"version-history":[{"count":37,"href":"https:\/\/polnechaty.pl\/index.php\/wp-json\/wp\/v2\/pages\/119\/revisions"}],"predecessor-version":[{"id":585,"href":"https:\/\/polnechaty.pl\/index.php\/wp-json\/wp\/v2\/pages\/119\/revisions\/585"}],"wp:attachment":[{"href":"https:\/\/polnechaty.pl\/index.php\/wp-json\/wp\/v2\/media?parent=119"}],"curies":[{"name":"wp","href":"https:\/\/api.w.org\/{rel}","templated":true}]}}